{"id":98,"date":"2022-09-23T15:46:48","date_gmt":"2022-09-23T15:46:48","guid":{"rendered":"https:\/\/lions-sma.sarveo.net\/?page_id=98"},"modified":"2024-11-15T15:05:32","modified_gmt":"2024-11-15T14:05:32","slug":"a-propos","status":"publish","type":"page","link":"http:\/\/lions-sma.org\/index.php\/a-propos\/","title":{"rendered":"Notre club"},"content":{"rendered":"\n<h2 class=\"wp-block-heading has-accent-1-color has-text-color has-link-color wp-elements-bf4036974de0be3bfb4e69b45e1e02c7\">Notre Club<\/h2>\n\n\n\n<div class=\"wp-block-columns is-layout-flex wp-container-core-columns-is-layout-9d6595d7 wp-block-columns-is-layout-flex\">\n<div class=\"wp-block-column is-layout-flow wp-block-column-is-layout-flow\" style=\"flex-basis:66.66%\">\n<figure class=\"wp-block-gallery has-nested-images columns-default is-cropped wp-block-gallery-1 is-layout-flex wp-block-gallery-is-layout-flex\">\n<figure class=\"wp-block-image size-large\"><img loading=\"lazy\" decoding=\"async\" width=\"1024\" height=\"576\" data-id=\"593\" src=\"http:\/\/lions-sma.org\/wp-content\/uploads\/2024\/11\/Groupe-Unesco-1-1024x576.jpg\" alt=\"\" class=\"wp-image-593\" srcset=\"http:\/\/lions-sma.org\/wp-content\/uploads\/2024\/11\/Groupe-Unesco-1-1024x576.jpg 1024w, http:\/\/lions-sma.org\/wp-content\/uploads\/2024\/11\/Groupe-Unesco-1-300x169.jpg 300w, http:\/\/lions-sma.org\/wp-content\/uploads\/2024\/11\/Groupe-Unesco-1-768x432.jpg 768w, http:\/\/lions-sma.org\/wp-content\/uploads\/2024\/11\/Groupe-Unesco-1-496x279.jpg 496w, http:\/\/lions-sma.org\/wp-content\/uploads\/2024\/11\/Groupe-Unesco-1.jpg 1280w\" sizes=\"auto, (max-width: 1024px) 100vw, 1024px\" \/><\/figure>\n<\/figure>\n<\/div>\n\n\n\n<div class=\"wp-block-column is-layout-flow wp-block-column-is-layout-flow\" style=\"flex-basis:33.33%\">\n<p>Notre Club Saint-Maur Alliance est n\u00e9 en 2008.<\/p>\n\n\n\n<p>Il a \u00e9t\u00e9 cr\u00e9\u00e9 par Frank VALEANU, Pr\u00e9sident fondateur entour\u00e9 d\u2019un groupe d\u2019amis qui souhaitaient agir pour un monde meilleur dans le respect des valeurs du Lionisme.<\/p>\n\n\n\n<p>Fort de ses 30 membres, notre club collecte et redistribue annuellement des aides \u00e9valu\u00e9es chaque ann\u00e9e \u00e0 environ 30 000 euros.<\/p>\n<\/div>\n<\/div>\n\n\n\n<h2 class=\"wp-block-heading has-accent-1-color has-text-color has-link-color wp-elements-1d8228be2f9c3181e4d432e76d6c0245\">\u00catre LIONS<\/h2>\n\n\n\n<h2 class=\"wp-block-heading\">En 4 points :<\/h2>\n\n\n\n<div class=\"wp-block-columns is-layout-flex wp-container-core-columns-is-layout-9d6595d7 wp-block-columns-is-layout-flex\">\n<div class=\"wp-block-column is-layout-flow wp-block-column-is-layout-flow\" style=\"flex-basis:66.66%\">\n<figure class=\"wp-block-image size-large\"><img loading=\"lazy\" decoding=\"async\" width=\"1024\" height=\"576\" src=\"http:\/\/lions-sma.org\/wp-content\/uploads\/2024\/11\/Etre-moteur-dans-la-ville-1024x576.jpg\" alt=\"\" class=\"wp-image-558\" srcset=\"http:\/\/lions-sma.org\/wp-content\/uploads\/2024\/11\/Etre-moteur-dans-la-ville-1024x576.jpg 1024w, http:\/\/lions-sma.org\/wp-content\/uploads\/2024\/11\/Etre-moteur-dans-la-ville-300x169.jpg 300w, http:\/\/lions-sma.org\/wp-content\/uploads\/2024\/11\/Etre-moteur-dans-la-ville-768x432.jpg 768w, http:\/\/lions-sma.org\/wp-content\/uploads\/2024\/11\/Etre-moteur-dans-la-ville-496x279.jpg 496w, http:\/\/lions-sma.org\/wp-content\/uploads\/2024\/11\/Etre-moteur-dans-la-ville.jpg 1280w\" sizes=\"auto, (max-width: 1024px) 100vw, 1024px\" \/><\/figure>\n<\/div>\n\n\n\n<div class=\"wp-block-column is-layout-flow wp-block-column-is-layout-flow\" style=\"flex-basis:33.33%\">\n<h1 class=\"wp-block-heading has-accent-1-color has-text-color has-link-color wp-elements-2b0a9b2bad09523f7d8865ce664bcdc5\">1<\/h1>\n\n\n\n<p>\u00catre moteur d\u2019initiatives solidaires et transg\u00e9n\u00e9rationnelles au service de notre ville et son territoire en \u00e9tant un v\u00e9ritable partenaire au service de l&rsquo;am\u00e9lioration de la vie quotidienne de tous.<\/p>\n<\/div>\n<\/div>\n\n\n\n<div class=\"wp-block-columns is-layout-flex wp-container-core-columns-is-layout-9d6595d7 wp-block-columns-is-layout-flex\">\n<div class=\"wp-block-column is-layout-flow wp-block-column-is-layout-flow\" style=\"flex-basis:33.33%\">\n<h1 class=\"wp-block-heading has-accent-1-color has-text-color has-link-color wp-elements-08e5fc22a4dbbe74220c91b56fd138de\">2<\/h1>\n\n\n\n<p>Faire partie d\u2019un club r\u00e9unissant des hommes et des femmes de divers univers, comp\u00e9tences et \u00e2ges, guid\u00e9s par la m\u00eame volont\u00e9 d&rsquo;agir.<\/p>\n<\/div>\n\n\n\n<div class=\"wp-block-column is-layout-flow wp-block-column-is-layout-flow\" style=\"flex-basis:66.66%\">\n<figure class=\"wp-block-gallery has-nested-images columns-default is-cropped wp-block-gallery-2 is-layout-flex wp-block-gallery-is-layout-flex\">\n<figure class=\"wp-block-image size-large\"><img loading=\"lazy\" decoding=\"async\" width=\"1024\" height=\"576\" data-id=\"559\" src=\"http:\/\/lions-sma.org\/wp-content\/uploads\/2024\/11\/Diversite-1024x576.jpg\" alt=\"\" class=\"wp-image-559\" srcset=\"http:\/\/lions-sma.org\/wp-content\/uploads\/2024\/11\/Diversite-1024x576.jpg 1024w, http:\/\/lions-sma.org\/wp-content\/uploads\/2024\/11\/Diversite-300x169.jpg 300w, http:\/\/lions-sma.org\/wp-content\/uploads\/2024\/11\/Diversite-768x432.jpg 768w, http:\/\/lions-sma.org\/wp-content\/uploads\/2024\/11\/Diversite-496x279.jpg 496w, http:\/\/lions-sma.org\/wp-content\/uploads\/2024\/11\/Diversite.jpg 1280w\" sizes=\"auto, (max-width: 1024px) 100vw, 1024px\" \/><\/figure>\n<\/figure>\n<\/div>\n<\/div>\n\n\n\n<div class=\"wp-block-columns is-layout-flex wp-container-core-columns-is-layout-9d6595d7 wp-block-columns-is-layout-flex\">\n<div class=\"wp-block-column is-layout-flow wp-block-column-is-layout-flow\" style=\"flex-basis:66.66%\">\n<figure class=\"wp-block-gallery has-nested-images columns-default is-cropped wp-block-gallery-3 is-layout-flex wp-block-gallery-is-layout-flex\">\n<figure class=\"wp-block-image size-large\"><img loading=\"lazy\" decoding=\"async\" width=\"1024\" height=\"576\" data-id=\"565\" src=\"http:\/\/lions-sma.org\/wp-content\/uploads\/2024\/11\/Partage-didees-1-1024x576.jpg\" alt=\"\" class=\"wp-image-565\" srcset=\"http:\/\/lions-sma.org\/wp-content\/uploads\/2024\/11\/Partage-didees-1-1024x576.jpg 1024w, http:\/\/lions-sma.org\/wp-content\/uploads\/2024\/11\/Partage-didees-1-300x169.jpg 300w, http:\/\/lions-sma.org\/wp-content\/uploads\/2024\/11\/Partage-didees-1-768x432.jpg 768w, http:\/\/lions-sma.org\/wp-content\/uploads\/2024\/11\/Partage-didees-1-496x279.jpg 496w, http:\/\/lions-sma.org\/wp-content\/uploads\/2024\/11\/Partage-didees-1.jpg 1280w\" sizes=\"auto, (max-width: 1024px) 100vw, 1024px\" \/><\/figure>\n<\/figure>\n<\/div>\n\n\n\n<div class=\"wp-block-column is-layout-flow wp-block-column-is-layout-flow\" style=\"flex-basis:33.33%\">\n<h1 class=\"wp-block-heading has-accent-1-color has-text-color has-link-color wp-elements-581084f7562c46d38bf51b2606ad35b1\">3<\/h1>\n\n\n\n<p>Promouvoir la r\u00e9flexion, la libre expression sur des sujets soci\u00e9taux et agir face aux grands d\u00e9fis humanistes \u00e0 relever en toute ind\u00e9pendance et en dehors de tous liens politiques et religieux. <\/p>\n<\/div>\n<\/div>\n\n\n\n<div class=\"wp-block-columns is-layout-flex wp-container-core-columns-is-layout-9d6595d7 wp-block-columns-is-layout-flex\">\n<div class=\"wp-block-column is-layout-flow wp-block-column-is-layout-flow\" style=\"flex-basis:33.33%\">\n<h1 class=\"wp-block-heading has-accent-1-color has-text-color has-link-color wp-elements-21a06351f2c8dd71dc81a61d25f5553f\">4<\/h1>\n\n\n\n<p>Etre sympas, motiv\u00e9s, g\u00e9n\u00e9reux et tourn\u00e9s vers les autres et cultiver des liens d&rsquo;amiti\u00e9 et de compr\u00e9hension mutuelle pour mieux agir ensemble.<\/p>\n<\/div>\n\n\n\n<div class=\"wp-block-column is-layout-flow wp-block-column-is-layout-flow\" style=\"flex-basis:66.66%\">\n<figure class=\"wp-block-gallery has-nested-images columns-default is-cropped wp-block-gallery-4 is-layout-flex wp-block-gallery-is-layout-flex\">\n<figure class=\"wp-block-image size-large\"><img loading=\"lazy\" decoding=\"async\" width=\"1024\" height=\"576\" data-id=\"566\" src=\"http:\/\/lions-sma.org\/wp-content\/uploads\/2024\/11\/Amitie-et-convivialite-1-1024x576.jpg\" alt=\"\" class=\"wp-image-566\" srcset=\"http:\/\/lions-sma.org\/wp-content\/uploads\/2024\/11\/Amitie-et-convivialite-1-1024x576.jpg 1024w, http:\/\/lions-sma.org\/wp-content\/uploads\/2024\/11\/Amitie-et-convivialite-1-300x169.jpg 300w, http:\/\/lions-sma.org\/wp-content\/uploads\/2024\/11\/Amitie-et-convivialite-1-768x432.jpg 768w, http:\/\/lions-sma.org\/wp-content\/uploads\/2024\/11\/Amitie-et-convivialite-1-496x279.jpg 496w, http:\/\/lions-sma.org\/wp-content\/uploads\/2024\/11\/Amitie-et-convivialite-1.jpg 1280w\" sizes=\"auto, (max-width: 1024px) 100vw, 1024px\" \/><\/figure>\n<\/figure>\n<\/div>\n<\/div>\n\n\n\n<h2 class=\"wp-block-heading has-accent-1-color has-text-color has-link-color wp-elements-c90e5daf39c7c867d00d12c556dc0d3a\">Pour en savoir plus<\/h2>\n\n\n\n<div class=\"wp-block-columns is-layout-flex wp-container-core-columns-is-layout-9d6595d7 wp-block-columns-is-layout-flex\">\n<div class=\"wp-block-column is-layout-flow wp-block-column-is-layout-flow\">\n<p>Sur le LIONS INTERNATIONAL<\/p>\n\n\n\n<p><a href=\"https:\/\/www.lionsclubs.org\">https:\/\/www.lionsclubs.org<\/a><\/p>\n<\/div>\n\n\n\n<div class=\"wp-block-column is-layout-flow wp-block-column-is-layout-flow\"><div class=\"wp-block-image\">\n<figure class=\"alignleft size-thumbnail\"><img loading=\"lazy\" decoding=\"async\" width=\"150\" height=\"150\" src=\"http:\/\/lions-sma.org\/wp-content\/uploads\/2024\/11\/lionlogo_2c-1-150x150.jpg\" alt=\"\" class=\"wp-image-562\"\/><\/figure>\n<\/div><\/div>\n<\/div>\n\n\n\n<p><\/p>\n\n\n\n<p>Sur les LIONS en France <\/p>\n\n\n\n<p><a href=\"https:\/\/www.lions-france.org\">https:\/\/www.lions-france.org<\/a><\/p>\n","protected":false},"excerpt":{"rendered":"<p>Notre Club Notre Club Saint-Maur Alliance est n\u00e9 en 2008. Il a \u00e9t\u00e9 cr\u00e9\u00e9 par Frank VALEANU, Pr\u00e9sident fondateur entour\u00e9 d\u2019un groupe d\u2019amis qui souhaitaient &hellip;<\/p>\n","protected":false},"author":1,"featured_media":0,"parent":0,"menu_order":2,"comment_status":"closed","ping_status":"closed","template":"","meta":{"_monsterinsights_skip_tracking":false,"_monsterinsights_sitenote_active":false,"_monsterinsights_sitenote_note":"","_monsterinsights_sitenote_category":0,"footnotes":""},"class_list":["post-98","page","type-page","status-publish","hentry"],"aioseo_notices":[],"_links":{"self":[{"href":"http:\/\/lions-sma.org\/index.php\/wp-json\/wp\/v2\/pages\/98","targetHints":{"allow":["GET"]}}],"collection":[{"href":"http:\/\/lions-sma.org\/index.php\/wp-json\/wp\/v2\/pages"}],"about":[{"href":"http:\/\/lions-sma.org\/index.php\/wp-json\/wp\/v2\/types\/page"}],"author":[{"embeddable":true,"href":"http:\/\/lions-sma.org\/index.php\/wp-json\/wp\/v2\/users\/1"}],"replies":[{"embeddable":true,"href":"http:\/\/lions-sma.org\/index.php\/wp-json\/wp\/v2\/comments?post=98"}],"version-history":[{"count":4,"href":"http:\/\/lions-sma.org\/index.php\/wp-json\/wp\/v2\/pages\/98\/revisions"}],"predecessor-version":[{"id":594,"href":"http:\/\/lions-sma.org\/index.php\/wp-json\/wp\/v2\/pages\/98\/revisions\/594"}],"wp:attachment":[{"href":"http:\/\/lions-sma.org\/index.php\/wp-json\/wp\/v2\/media?parent=98"}],"curies":[{"name":"wp","href":"https:\/\/api.w.org\/{rel}","templated":true}]}}