{"id":130,"date":"2022-09-23T14:52:18","date_gmt":"2022-09-23T14:52:18","guid":{"rendered":"https:\/\/lions-sma.sarveo.net\/?page_id=130"},"modified":"2024-11-19T10:53:20","modified_gmt":"2024-11-19T09:53:20","slug":"nous-contacter","status":"publish","type":"page","link":"http:\/\/lions-sma.org\/index.php\/nous-contacter\/","title":{"rendered":"Nous contacter"},"content":{"rendered":"\n<p>Nous aimons beaucoup pr\u00e9senter nos actions. Toutefois, pour les connaitre, le mieux est d&rsquo;y participer ! <\/p>\n\n\n\n<h2 class=\"wp-block-heading has-accent-1-color has-text-color has-link-color wp-elements-8de6f4acb86e9fcd96d9cf1c5d1f03d0\">Rejoignez-nous ! Suivez-nous !<\/h2>\n\n\n\n<div class=\"wp-block-columns is-layout-flex wp-container-core-columns-is-layout-9d6595d7 wp-block-columns-is-layout-flex\">\n<div class=\"wp-block-column is-layout-flow wp-block-column-is-layout-flow\">\n<figure class=\"wp-block-image size-full\"><img loading=\"lazy\" decoding=\"async\" width=\"1280\" height=\"720\" src=\"http:\/\/lions-sma.org\/wp-content\/uploads\/2024\/11\/Contact.jpg\" alt=\"\" class=\"wp-image-569\" srcset=\"http:\/\/lions-sma.org\/wp-content\/uploads\/2024\/11\/Contact.jpg 1280w, http:\/\/lions-sma.org\/wp-content\/uploads\/2024\/11\/Contact-300x169.jpg 300w, http:\/\/lions-sma.org\/wp-content\/uploads\/2024\/11\/Contact-1024x576.jpg 1024w, http:\/\/lions-sma.org\/wp-content\/uploads\/2024\/11\/Contact-768x432.jpg 768w, http:\/\/lions-sma.org\/wp-content\/uploads\/2024\/11\/Contact-496x279.jpg 496w\" sizes=\"auto, (max-width: 1280px) 100vw, 1280px\" \/><\/figure>\n<\/div>\n\n\n\n<div class=\"wp-block-column is-layout-flow wp-block-column-is-layout-flow\">\n<figure class=\"wp-block-image size-large\"><img loading=\"lazy\" decoding=\"async\" width=\"1024\" height=\"576\" src=\"http:\/\/lions-sma.org\/wp-content\/uploads\/2024\/11\/Contact-2-1024x576.jpg\" alt=\"\" class=\"wp-image-571\" srcset=\"http:\/\/lions-sma.org\/wp-content\/uploads\/2024\/11\/Contact-2-1024x576.jpg 1024w, http:\/\/lions-sma.org\/wp-content\/uploads\/2024\/11\/Contact-2-300x169.jpg 300w, http:\/\/lions-sma.org\/wp-content\/uploads\/2024\/11\/Contact-2-768x432.jpg 768w, http:\/\/lions-sma.org\/wp-content\/uploads\/2024\/11\/Contact-2-496x279.jpg 496w, http:\/\/lions-sma.org\/wp-content\/uploads\/2024\/11\/Contact-2.jpg 1280w\" sizes=\"auto, (max-width: 1024px) 100vw, 1024px\" \/><\/figure>\n<\/div>\n<\/div>\n\n\n\n<h2 class=\"wp-block-heading has-accent-1-color has-text-color has-link-color wp-elements-e47af034746d591cf7f4ef578b336457\">Suivez-nous sur les r\u00e9seaux sociaux :<\/h2>\n\n\n\n<div class=\"wp-block-columns is-layout-flex wp-container-core-columns-is-layout-9d6595d7 wp-block-columns-is-layout-flex\">\n<div class=\"wp-block-column is-layout-flow wp-block-column-is-layout-flow\">\n<figure class=\"wp-block-image size-full is-resized\"><a href=\"https:\/\/www.instagram.com\/lions_club_saint_maur_alliance\/profilecard\/?igsh=NGpybDBkdmdtM3Q2\"><img loading=\"lazy\" decoding=\"async\" width=\"225\" height=\"225\" src=\"http:\/\/lions-sma.org\/wp-content\/uploads\/2024\/11\/Insta.jpg\" alt=\"INSTAGRAM\" class=\"wp-image-587\" style=\"width:55px;height:auto\" srcset=\"http:\/\/lions-sma.org\/wp-content\/uploads\/2024\/11\/Insta.jpg 225w, http:\/\/lions-sma.org\/wp-content\/uploads\/2024\/11\/Insta-150x150.jpg 150w\" sizes=\"auto, (max-width: 225px) 100vw, 225px\" \/><\/a><\/figure>\n<\/div>\n\n\n\n<div class=\"wp-block-column is-layout-flow wp-block-column-is-layout-flow\">\n<figure class=\"wp-block-image size-full is-resized\"><a href=\"https:\/\/www.facebook.com\/profile.php?id=100069381937684\"><img loading=\"lazy\" decoding=\"async\" width=\"225\" height=\"225\" src=\"http:\/\/lions-sma.org\/wp-content\/uploads\/2024\/11\/FB.png\" alt=\"FACEBOOK\" class=\"wp-image-586\" style=\"width:51px;height:auto\" srcset=\"http:\/\/lions-sma.org\/wp-content\/uploads\/2024\/11\/FB.png 225w, http:\/\/lions-sma.org\/wp-content\/uploads\/2024\/11\/FB-150x150.png 150w\" sizes=\"auto, (max-width: 225px) 100vw, 225px\" \/><\/a><\/figure>\n<\/div>\n<\/div>\n\n\n\n<h2 class=\"wp-block-heading has-accent-1-color has-text-color has-link-color wp-elements-d48e2df232628276e46fb8341ba6ea6c\">Une question ?<\/h2>\n\n\n<div class=\"frm_forms  with_frm_style frm_style_style-formidable\" id=\"frm_form_4_container\" data-token=\"1f8c6bf8a198c97a1075fb3a1d6cedb9\">\n<form enctype=\"multipart\/form-data\" method=\"post\" class=\"frm-show-form \" id=\"form_contact\" data-token=\"1f8c6bf8a198c97a1075fb3a1d6cedb9\">\n<div class=\"frm_form_fields \">\n<fieldset>\n<legend class=\"frm_screen_reader\">Une question ?<\/legend>\r\n\r\n<div class=\"frm_fields_container\">\n<input type=\"hidden\" name=\"frm_action\" value=\"create\" \/>\n<input type=\"hidden\" name=\"form_id\" value=\"4\" \/>\n<input type=\"hidden\" name=\"frm_hide_fields_4\" id=\"frm_hide_fields_4\" value=\"\" \/>\n<input type=\"hidden\" name=\"form_key\" value=\"contact\" \/>\n<input type=\"hidden\" name=\"item_meta[0]\" value=\"\" \/>\n<input type=\"hidden\" id=\"frm_submit_entry_4\" name=\"frm_submit_entry_4\" value=\"a4f4523c66\" \/><input type=\"hidden\" name=\"_wp_http_referer\" value=\"\/index.php\/wp-json\/wp\/v2\/pages\/130\" \/><div id=\"frm_field_16_container\" class=\"frm_form_field form-field  frm_required_field frm_none_container frm_half\">\r\n    <label for=\"field_3kzpm\" id=\"field_3kzpm_label\" class=\"frm_primary_label\">NOM\r\n        <span class=\"frm_required\" aria-hidden=\"true\">*<\/span>\r\n    <\/label>\r\n    <input type=\"text\" id=\"field_3kzpm\" name=\"item_meta[16]\" value=\"\"  placeholder=\"NOM\" data-reqmsg=\"Ce champ ne peut pas \u00eatre vide\" aria-required=\"true\" data-invmsg=\"texte est non valide\" aria-invalid=\"false\"  \/>\r\n    \r\n    \r\n<\/div>\n<div id=\"frm_field_17_container\" class=\"frm_form_field form-field  frm_none_container frm_half\">\n    <label for=\"field_z6bz8\" id=\"field_z6bz8_label\" class=\"frm_primary_label\">Email\n        <span class=\"frm_required\" aria-hidden=\"true\"><\/span>\n    <\/label>\n    <input type=\"email\" id=\"field_z6bz8\" name=\"item_meta[17]\" value=\"\"  placeholder=\"Email\" data-invmsg=\"Email est non valide\" aria-invalid=\"false\"  \/>\n    \n    \n<\/div>\n<div id=\"frm_field_18_container\" class=\"frm_form_field form-field  frm_required_field frm_none_container frm12 frm_first frm_half\">\r\n    <label for=\"field_3vh42\" id=\"field_3vh42_label\" class=\"frm_primary_label\">Message\r\n        <span class=\"frm_required\" aria-hidden=\"true\">*<\/span>\r\n    <\/label>\r\n    <textarea name=\"item_meta[18]\" id=\"field_3vh42\" rows=\"5\"  placeholder=\"Message\" data-reqmsg=\"Ce champ ne peut pas \u00eatre vide\" aria-required=\"true\" data-invmsg=\"Message est non valide\" aria-invalid=\"false\"  ><\/textarea>\r\n    \r\n    \r\n<\/div>\n<div id=\"frm_field_20_container\" class=\"frm_form_field form-field \">\n\t<div class=\"frm_submit\">\r\n\r\n<button class=\"frm_button_submit\" type=\"submit\"  >Envoyer<\/button>\r\n\r\n\r\n<\/div>\n<\/div>\n\t<input type=\"hidden\" name=\"item_key\" value=\"\" \/>\n\t\t\t\t<div class=\"frm__662f8c9622c62\">\n\t\t\t\t<label for=\"frm_email_4\" >\n\t\t\t\t\tSi vous \u00eates un humain, ne remplissez pas ce champ.\t\t\t\t<\/label>\n\t\t\t\t<input  id=\"frm_email_4\" type=\"text\" class=\"frm_verify\" name=\"frm__662f8c9622c62\" value=\"\" autocomplete=\"off\"  \/>\n\t\t\t<\/div>\n\t\t<\/div>\n<\/fieldset>\n<\/div>\n<\/form>\n<\/div>\n\n\n\n<h2 class=\"wp-block-heading has-accent-1-color has-text-color has-link-color wp-elements-1b2e5e07a62e421d01540f093da0e18e\">Notre adresse<\/h2>\n\n\n\n<p>Lions Club Saint-Maur Alliance<br>73 avenue Diderot \u2013 94100 SAINT-MAUR DES FOSSES<\/p>\n\n\n\n<div class=\"wp-block-columns is-layout-flex wp-container-core-columns-is-layout-9d6595d7 wp-block-columns-is-layout-flex\">\n<div class=\"wp-block-column is-layout-flow wp-block-column-is-layout-flow\">\n<h2 class=\"wp-block-heading has-accent-1-color has-text-color has-link-color wp-elements-2b55941c64a6e167134e21d32b2a64bd\">Mentions L\u00e9gales<\/h2>\n<\/div>\n<\/div>\n\n\n\n<p><\/p>\n\n\n\n<p>Le site&nbsp;<a href=\"http:\/\/lions-sma.org\/index.php\/politique-de-confidentialite\/\">Lions Club Saint-Maur Alliance<\/a>.com est \u00e9dit\u00e9 par le club dont l\u2019adresse est &nbsp;94210 Saint-Maur-des-Foss\u00e9s<\/p>\n\n\n\n<p>Design et r\u00e9alisation : WordPress \/ Isabelle ALEXANDRE-CHRISTOPHE<\/p>\n\n\n\n<p>H\u00e9bergement :<\/p>\n\n\n\n<p>Ce site Web et tout ce qu\u2019il contient est la propri\u00e9t\u00e9 exclusive du club Saint-Maur Alliance. La reproduction des donn\u00e9es du site web est strictement interdite et susceptible de poursuites, conform\u00e9ment aux dispositions du Code de la propri\u00e9t\u00e9 Intellectuelle fran\u00e7aise, aux r\u00e8glements nationaux et conventions internationales en vigueur, sauf autorisation de notre part.<\/p>\n\n\n\n<p>Nous vous donnons l\u2019autorisation de partager nos articles et posts, totalement ou en partie, \u00e0 conditions de ne pas les modifier et de mentionner le nom de l\u2019auteur, la date et l\u2019adresse URL s\u2019y rattachant.<\/p>\n\n\n\n<p><strong>Nous respectons votre vie priv\u00e9e.<\/strong><\/p>\n\n\n\n<p>De mani\u00e8re g\u00e9n\u00e9rale, nous ne transmettons pas vos renseignements personnels \u00e0 d\u2019autres personnes ou entreprises. Voici quelques cas particuliers.<\/p>\n\n\n\n<ul class=\"wp-block-list\">\n<li>Prise de contact&nbsp;:<\/li>\n<\/ul>\n\n\n\n<p>Lorsque vous nous contactez via le formulaire de contact, nous ne transmettons pas les informations donn\u00e9es par courrier \u00e9lectronique. Elles nous permettent de r\u00e9pondre \u00e0 vos demandes.<\/p>\n\n\n\n<ul class=\"wp-block-list\">\n<li>Navigation sur notre site&nbsp;:<\/li>\n<\/ul>\n\n\n\n<p>Pour am\u00e9liorer la qualit\u00e9 de notre site web et de nos campagnes, nous utilisons des outils d\u2019analyse web fournis par diff\u00e9rents prestataires comme Google, Online, LinkedIn ou Facebook. Ils donnent des statistiques anonymes.<\/p>\n\n\n\n<p><strong>Gestion de vos donn\u00e9es personnelles<\/strong><\/p>\n\n\n\n<p>Nous n\u2019utilisons pas vos donn\u00e9es personnelles \u00e0 d\u2019autres fins et les conserverons que pour la dur\u00e9e du traitement. Conform\u00e9ment \u00e0 la loi n\u00b0 78-17 du 6 janvier 1978 relative \u00e0 l\u2019informatique, aux fichiers et aux libert\u00e9s, modifi\u00e9e par le R\u00e8glement europ\u00e9en RGPD, vous \u00eates ma\u00eetre de vos donn\u00e9es personnelles et vous disposez de plusieurs droits pour la gestion de vos donn\u00e9es.<\/p>\n\n\n\n<ul class=\"wp-block-list\">\n<li><strong>Le droit d\u2019acc\u00e8s,&nbsp;<\/strong>enobtenant la confirmation que des donn\u00e9es personnelles vous concernant sont ou ne sont pas trait\u00e9es par nos soins. Si elles le sont, vous pouvez en demander la copie.<\/li>\n\n\n\n<li><strong>Le droit de rectification,&nbsp;<\/strong>endemandant la modification de vos informations inexactes sur sa base de donn\u00e9es.<\/li>\n\n\n\n<li><strong>Le droit \u00e0 l\u2019effacement&nbsp;<\/strong>de vos informations contenues dans nos bases de donn\u00e9es.<\/li>\n\n\n\n<li><strong>Le droit d\u2019opposition et de retrait de consentement<\/strong><\/li>\n<\/ul>\n\n\n\n<p>Vous souhaitez ne pas ou ne plus appara\u00eetre sur un fichier de nos bases, vous le pouvez en exer\u00e7ant l\u2019un de ces droits et \u00e0 tout moment.<\/p>\n\n\n\n<ul class=\"wp-block-list\">\n<li><strong>Le droit de limitation du traitement, en d<\/strong>emandant la suspension d\u2019un traitement vous concernant le temps d\u2019une v\u00e9rification.<\/li>\n\n\n\n<li><strong>Le droit \u00e0 la portabilit\u00e9&nbsp;<\/strong>\u00e0 un autre responsable de traitement, lorsque cela est techniquement possible.<\/li>\n\n\n\n<li><strong>Le droit de d\u00e9finir des directives relatives au sort des donn\u00e9es apr\u00e8s d\u00e9c\u00e8s.&nbsp;<\/strong>Sans directive de votre part, nous supprimerons vos donn\u00e9es. N\u00e9anmoins, vos h\u00e9ritiers peuvent apr\u00e8s votre d\u00e9c\u00e8s exercer les droits sur vos donn\u00e9es.<\/li>\n\n\n\n<li><strong>Le droit d\u2019introduire une r\u00e9clamation aupr\u00e8s de la CNIL<\/strong><\/li>\n<\/ul>\n\n\n\n<p>Si vous consid\u00e9rez que le traitement de donn\u00e9es \u00e0 caract\u00e8re personnel vous concernant constitue une violation \u00e0 la r\u00e8glementation. Voir&nbsp;:<\/p>\n\n\n\n<p><a href=\"https:\/\/www.cnil.fr\/fr\/comprendre-vos-droits\">le site web de la Commission Nationale de l\u2019Informatique et des Libert\u00e9s. &nbsp;<\/a><\/p>\n","protected":false},"excerpt":{"rendered":"<p>Nous aimons beaucoup pr\u00e9senter nos actions. Toutefois, pour les connaitre, le mieux est d&rsquo;y participer ! Rejoignez-nous ! Suivez-nous ! Suivez-nous sur les r\u00e9seaux sociaux &hellip;<\/p>\n","protected":false},"author":1,"featured_media":0,"parent":0,"menu_order":3,"comment_status":"closed","ping_status":"closed","template":"","meta":{"_monsterinsights_skip_tracking":false,"_monsterinsights_sitenote_active":false,"_monsterinsights_sitenote_note":"","_monsterinsights_sitenote_category":0,"footnotes":""},"class_list":["post-130","page","type-page","status-publish","hentry"],"aioseo_notices":[],"_links":{"self":[{"href":"http:\/\/lions-sma.org\/index.php\/wp-json\/wp\/v2\/pages\/130","targetHints":{"allow":["GET"]}}],"collection":[{"href":"http:\/\/lions-sma.org\/index.php\/wp-json\/wp\/v2\/pages"}],"about":[{"href":"http:\/\/lions-sma.org\/index.php\/wp-json\/wp\/v2\/types\/page"}],"author":[{"embeddable":true,"href":"http:\/\/lions-sma.org\/index.php\/wp-json\/wp\/v2\/users\/1"}],"replies":[{"embeddable":true,"href":"http:\/\/lions-sma.org\/index.php\/wp-json\/wp\/v2\/comments?post=130"}],"version-history":[{"count":12,"href":"http:\/\/lions-sma.org\/index.php\/wp-json\/wp\/v2\/pages\/130\/revisions"}],"predecessor-version":[{"id":602,"href":"http:\/\/lions-sma.org\/index.php\/wp-json\/wp\/v2\/pages\/130\/revisions\/602"}],"wp:attachment":[{"href":"http:\/\/lions-sma.org\/index.php\/wp-json\/wp\/v2\/media?parent=130"}],"curies":[{"name":"wp","href":"https:\/\/api.w.org\/{rel}","templated":true}]}}