{"id":101,"date":"2022-09-23T15:25:11","date_gmt":"2022-09-23T15:25:11","guid":{"rendered":"https:\/\/lions-sma.sarveo.net\/?page_id=101"},"modified":"2024-11-15T14:19:44","modified_gmt":"2024-11-15T13:19:44","slug":"bienvenue","status":"publish","type":"page","link":"http:\/\/lions-sma.org\/index.php\/bienvenue\/","title":{"rendered":"Agir pour un monde meilleur"},"content":{"rendered":"\n<div class=\"wp-block-columns is-layout-flex wp-container-core-columns-is-layout-9d6595d7 wp-block-columns-is-layout-flex\">\n<div class=\"wp-block-column is-layout-flow wp-block-column-is-layout-flow\">\n<figure class=\"wp-block-gallery aligncenter has-nested-images columns-default is-cropped wp-block-gallery-1 is-layout-flex wp-block-gallery-is-layout-flex\">\n<figure class=\"wp-block-image size-full\"><img loading=\"lazy\" decoding=\"async\" width=\"1280\" height=\"720\" data-id=\"489\" src=\"http:\/\/lions-sma.org\/wp-content\/uploads\/2024\/11\/Melvin-Jones.jpg\" alt=\"\" class=\"wp-image-489\" srcset=\"http:\/\/lions-sma.org\/wp-content\/uploads\/2024\/11\/Melvin-Jones.jpg 1280w, http:\/\/lions-sma.org\/wp-content\/uploads\/2024\/11\/Melvin-Jones-300x169.jpg 300w, http:\/\/lions-sma.org\/wp-content\/uploads\/2024\/11\/Melvin-Jones-1024x576.jpg 1024w, http:\/\/lions-sma.org\/wp-content\/uploads\/2024\/11\/Melvin-Jones-768x432.jpg 768w, http:\/\/lions-sma.org\/wp-content\/uploads\/2024\/11\/Melvin-Jones-496x279.jpg 496w\" sizes=\"auto, (max-width: 1280px) 100vw, 1280px\" \/><\/figure>\n<\/figure>\n\n\n\n<hr class=\"wp-block-separator has-alpha-channel-opacity\"\/>\n\n\n\n<div class=\"wp-block-columns is-layout-flex wp-container-core-columns-is-layout-9d6595d7 wp-block-columns-is-layout-flex\">\n<div class=\"wp-block-column is-layout-flow wp-block-column-is-layout-flow\">\n<figure class=\"wp-block-pullquote\"><blockquote><p>On n&rsquo;a pas fait grand-chose de sa vie, si l&rsquo;on n&rsquo;a pas fait quelque chose pour quelqu&rsquo;un.<\/p><cite>Melvin Jones, Fondateur du Lions Club International<\/cite><\/blockquote><\/figure>\n<\/div>\n<\/div>\n\n\n\n<hr class=\"wp-block-separator has-alpha-channel-opacity\"\/>\n\n\n\n<div class=\"wp-block-columns is-layout-flex wp-container-core-columns-is-layout-9d6595d7 wp-block-columns-is-layout-flex\">\n<div class=\"wp-block-column is-layout-flow wp-block-column-is-layout-flow\">\n<h2 class=\"wp-block-heading has-accent-1-color has-text-color\">Le mot de la Pr\u00e9sidente <\/h2>\n\n\n\n<div class=\"wp-block-columns is-layout-flex wp-container-core-columns-is-layout-9d6595d7 wp-block-columns-is-layout-flex\">\n<div class=\"wp-block-column is-vertically-aligned-center is-layout-flow wp-block-column-is-layout-flow\" style=\"flex-basis:50%\">\n<h1 class=\"wp-block-heading\">Merci !<\/h1>\n<\/div>\n\n\n\n<div class=\"wp-block-column is-layout-flow wp-block-column-is-layout-flow\" style=\"flex-basis:25%\">\n<figure class=\"wp-block-gallery has-nested-images columns-default is-cropped wp-block-gallery-2 is-layout-flex wp-block-gallery-is-layout-flex\">\n<figure class=\"wp-block-image size-large\"><img loading=\"lazy\" decoding=\"async\" width=\"1024\" height=\"576\" data-id=\"508\" src=\"http:\/\/lions-sma.org\/wp-content\/uploads\/2024\/11\/Helene-double-1024x576.jpg\" alt=\"\" class=\"wp-image-508\" srcset=\"http:\/\/lions-sma.org\/wp-content\/uploads\/2024\/11\/Helene-double-1024x576.jpg 1024w, http:\/\/lions-sma.org\/wp-content\/uploads\/2024\/11\/Helene-double-300x169.jpg 300w, http:\/\/lions-sma.org\/wp-content\/uploads\/2024\/11\/Helene-double-768x432.jpg 768w, http:\/\/lions-sma.org\/wp-content\/uploads\/2024\/11\/Helene-double-496x279.jpg 496w, http:\/\/lions-sma.org\/wp-content\/uploads\/2024\/11\/Helene-double.jpg 1280w\" sizes=\"auto, (max-width: 1024px) 100vw, 1024px\" \/><\/figure>\n<\/figure>\n<\/div>\n\n\n\n<div class=\"wp-block-column is-layout-flow wp-block-column-is-layout-flow\" style=\"flex-basis:25%\">\n<figure class=\"wp-block-embed is-type-video is-provider-youtube wp-block-embed-youtube wp-embed-aspect-4-3 wp-has-aspect-ratio\"><div class=\"wp-block-embed__wrapper\">\n<iframe loading=\"lazy\" title=\"Temoignage Lions International He\u0301le\u0300ne\" width=\"1032\" height=\"774\" src=\"https:\/\/www.youtube.com\/embed\/StmsGQs32fk?feature=oembed\" frameborder=\"0\" allow=\"accelerometer; autoplay; clipboard-write; encrypted-media; gyroscope; picture-in-picture; web-share\" referrerpolicy=\"strict-origin-when-cross-origin\" allowfullscreen><\/iframe>\n<\/div><\/figure>\n<\/div>\n<\/div>\n\n\n\n<div class=\"wp-block-columns is-layout-flex wp-container-core-columns-is-layout-9d6595d7 wp-block-columns-is-layout-flex\">\n<div class=\"wp-block-column is-layout-flow wp-block-column-is-layout-flow\">\n<p class=\"has-text-align-left has-accent-2-color has-text-color\">Au moment de cette transmission de pouvoirs, je tiens \u00e0 vous remercier pour la confiance que vous m\u2019accordez. <\/p>\n\n\n\n<p class=\"has-text-align-left has-accent-2-color has-text-color\">Poursuivons l\u2019organisation de nos diff\u00e9rentes actions, des plus traditionnelles aux plus novatrices. Nous savons le faire avec s\u00e9rieux et maitrise.<\/p>\n\n\n\n<p class=\"has-text-align-left has-accent-2-color has-text-color\">Privil\u00e9gions le travail d\u2019\u00e9quipe. S\u2019il existe pour chaque action un groupe d\u00e9di\u00e9, sa r\u00e9alisation le jour venu est bien l\u2019affaire de chacun de nos 26 membres. C\u2019est ce qui doit nous rassembler. C\u2019est important. J\u2019y veillerai. Ecoutons nos nouveaux membres, ils sont porteurs d\u2019id\u00e9es.<\/p>\n<\/div>\n<\/div>\n\n\n\n<div class=\"wp-block-columns is-layout-flex wp-container-core-columns-is-layout-9d6595d7 wp-block-columns-is-layout-flex\">\n<div class=\"wp-block-column is-layout-flow wp-block-column-is-layout-flow\">\n<figure class=\"wp-block-image size-full is-resized\"><img loading=\"lazy\" decoding=\"async\" width=\"500\" height=\"333\" src=\"https:\/\/lions-sma.sarveo.net\/wp-content\/uploads\/2022\/09\/photo-1523325343676-4136d25d013b_ORDIBUREAUISA_juil.-18-124056-2019_CaseConflict.jpg\" alt=\"\" class=\"wp-image-60\" style=\"width:604px;height:402px\" srcset=\"http:\/\/lions-sma.org\/wp-content\/uploads\/2022\/09\/photo-1523325343676-4136d25d013b_ORDIBUREAUISA_juil.-18-124056-2019_CaseConflict.jpg 500w, http:\/\/lions-sma.org\/wp-content\/uploads\/2022\/09\/photo-1523325343676-4136d25d013b_ORDIBUREAUISA_juil.-18-124056-2019_CaseConflict-300x200.jpg 300w, http:\/\/lions-sma.org\/wp-content\/uploads\/2022\/09\/photo-1523325343676-4136d25d013b_ORDIBUREAUISA_juil.-18-124056-2019_CaseConflict-421x280.jpg 421w\" sizes=\"auto, (max-width: 500px) 100vw, 500px\" \/><\/figure>\n<\/div>\n\n\n\n<div class=\"wp-block-column is-layout-flow wp-block-column-is-layout-flow\">\n<figure class=\"wp-block-image size-full is-resized\"><img loading=\"lazy\" decoding=\"async\" width=\"500\" height=\"333\" src=\"https:\/\/lions-sma.sarveo.net\/wp-content\/uploads\/2022\/09\/photo-1523325343676-4136d25d013b_ORDIBUREAUISA_juil.-18-124056-2019_CaseConflict.jpg\" alt=\"\" class=\"wp-image-60\" style=\"width:604px;height:402px\" srcset=\"http:\/\/lions-sma.org\/wp-content\/uploads\/2022\/09\/photo-1523325343676-4136d25d013b_ORDIBUREAUISA_juil.-18-124056-2019_CaseConflict.jpg 500w, http:\/\/lions-sma.org\/wp-content\/uploads\/2022\/09\/photo-1523325343676-4136d25d013b_ORDIBUREAUISA_juil.-18-124056-2019_CaseConflict-300x200.jpg 300w, http:\/\/lions-sma.org\/wp-content\/uploads\/2022\/09\/photo-1523325343676-4136d25d013b_ORDIBUREAUISA_juil.-18-124056-2019_CaseConflict-421x280.jpg 421w\" sizes=\"auto, (max-width: 500px) 100vw, 500px\" \/><\/figure>\n<\/div>\n<\/div>\n<\/div>\n<\/div>\n\n\n\n<div class=\"wp-block-columns is-layout-flex wp-container-core-columns-is-layout-9d6595d7 wp-block-columns-is-layout-flex\">\n<div class=\"wp-block-column is-layout-flow wp-block-column-is-layout-flow\">\n<p class=\"has-accent-2-color has-text-color\">Poursuivons notre d\u00e9veloppement sans pr\u00e9cipitation et avec clairvoyance. Nos soir\u00e9es d\u00e9couverte y contribuent, de m\u00eame que vos propositions en provenance de vos sph\u00e8res amicale ou professionnelle d\u00e8s lors que nous partageons les m\u00eames valeurs.<\/p>\n\n\n\n<p class=\"has-accent-2-color has-text-color\">Rencontrons des Lions voisins ou plus lointains en participant aux congr\u00e8s, aux Conventions. Nous y constatons la grandeur et la richesse de notre association. Enfin, mettons l\u2019accent sur la convivialit\u00e9, l\u2019amiti\u00e9 qui doit r\u00e9gner dans notre club.&nbsp;<\/p>\n\n\n\n<p class=\"has-accent-2-color has-text-color\">Forts de tout ce que je viens d\u2019\u00e9voquer, n\u2019h\u00e9sitons pas \u00e0 dire que le Lions Club Saint-Maur Alliance continuera \u00e0 rayonner dans l\u2019esprit du Lionisme international.<\/p>\n\n\n\n<p>H\u00e9l\u00e8ne Belaubre Pr\u00e9sidente 2024\/2025<\/p>\n<\/div>\n<\/div>\n\n\n\n<div class=\"wp-block-columns is-layout-flex wp-container-core-columns-is-layout-9d6595d7 wp-block-columns-is-layout-flex\">\n<div class=\"wp-block-column is-layout-flow wp-block-column-is-layout-flow\" style=\"flex-basis:100%\">\n<div class=\"wp-block-columns is-layout-flex wp-container-core-columns-is-layout-9d6595d7 wp-block-columns-is-layout-flex\">\n<div class=\"wp-block-column is-layout-flow wp-block-column-is-layout-flow\">\n<hr class=\"wp-block-separator has-alpha-channel-opacity\"\/>\n\n\n\n<div class=\"wp-block-columns is-layout-flex wp-container-core-columns-is-layout-9d6595d7 wp-block-columns-is-layout-flex\">\n<div class=\"wp-block-column is-layout-flow wp-block-column-is-layout-flow\" style=\"flex-basis:100%\">\n<div class=\"wp-block-columns is-layout-flex wp-container-core-columns-is-layout-9d6595d7 wp-block-columns-is-layout-flex\">\n<div class=\"wp-block-column is-layout-flow wp-block-column-is-layout-flow\" style=\"flex-basis:33.33%\">\n<p><\/p>\n\n\n\n<p><\/p>\n\n\n\n<p><\/p>\n\n\n\n<h1 class=\"wp-block-heading\">Notre principe pour agir : <\/h1>\n\n\n\n<h2 class=\"wp-block-heading has-accent-1-color has-text-color has-link-color wp-elements-16e02fcb3ea67bb130f4213a2c9c4b5c\"><strong>\u00ab\u00a0Une cause, une action\u00a0\u00bb<\/strong><\/h2>\n<\/div>\n\n\n\n<div class=\"wp-block-column is-layout-flow wp-block-column-is-layout-flow\" style=\"flex-basis:66.66%\">\n<figure class=\"wp-block-gallery has-nested-images columns-default is-cropped wp-block-gallery-3 is-layout-flex wp-block-gallery-is-layout-flex\">\n<figure class=\"wp-block-image size-large\"><img loading=\"lazy\" decoding=\"async\" width=\"1024\" height=\"576\" data-id=\"512\" src=\"http:\/\/lions-sma.org\/wp-content\/uploads\/2024\/11\/Une-cause-une-action-1024x576.jpg\" alt=\"\" class=\"wp-image-512\" srcset=\"http:\/\/lions-sma.org\/wp-content\/uploads\/2024\/11\/Une-cause-une-action-1024x576.jpg 1024w, http:\/\/lions-sma.org\/wp-content\/uploads\/2024\/11\/Une-cause-une-action-300x169.jpg 300w, http:\/\/lions-sma.org\/wp-content\/uploads\/2024\/11\/Une-cause-une-action-768x432.jpg 768w, http:\/\/lions-sma.org\/wp-content\/uploads\/2024\/11\/Une-cause-une-action-496x279.jpg 496w, http:\/\/lions-sma.org\/wp-content\/uploads\/2024\/11\/Une-cause-une-action.jpg 1280w\" sizes=\"auto, (max-width: 1024px) 100vw, 1024px\" \/><\/figure>\n<\/figure>\n<\/div>\n<\/div>\n<\/div>\n<\/div>\n<\/div>\n<\/div>\n<\/div>\n<\/div>\n\n\n\n<div class=\"wp-block-columns is-layout-flex wp-container-core-columns-is-layout-9d6595d7 wp-block-columns-is-layout-flex\">\n<div class=\"wp-block-column is-layout-flow wp-block-column-is-layout-flow\">\n<h3 class=\"wp-block-heading has-text-align-left has-accent-1-color has-text-color\">Vendre<\/h3>\n<\/div>\n\n\n\n<div class=\"wp-block-column is-layout-flow wp-block-column-is-layout-flow\">\n<h3 class=\"wp-block-heading has-accent-1-color has-text-color\">Collecter<\/h3>\n<\/div>\n<\/div>\n\n\n\n<div class=\"wp-block-columns is-layout-flex wp-container-core-columns-is-layout-9d6595d7 wp-block-columns-is-layout-flex\">\n<div class=\"wp-block-column is-layout-flow wp-block-column-is-layout-flow\">\n<p class=\"has-accent-2-color has-text-color\">Nos b\u00e9n\u00e9voles sont toujours pr\u00eats \u00e0 soutenir les causes qui leur tiennent \u00e0 c\u0153ur en donnant de leur temps. Nous vendons chaque ann\u00e9e des mimosas pour soutenir les associations du Val-de-Marne impliqu\u00e9es dans le handicap mental ou encore les d\u00e9licieuses soupes pr\u00e9par\u00e9es par les Chefs des restaurants et traiteurs locaux pour soutenir l&rsquo;\u00e9picerie solidaire de Saint-Maur-des-Foss\u00e9s<\/p>\n<\/div>\n\n\n\n<div class=\"wp-block-column is-layout-flow wp-block-column-is-layout-flow\">\n<p class=\"has-accent-2-color has-text-color\">Nous r\u00e9pondons pr\u00e9sents pour participer aux collectes nationales comme le T\u00e9l\u00e9thon ou la Banque alimentaire. Nous organisons aussi des collectes pour r\u00e9pondre \u00e0 des besoins sp\u00e9cifiques qu&rsquo;il s&rsquo;agissent de fournitures scolaires pour Emma\u00fcs Libert\u00e9, de collectes alimentaires r\u00e9serv\u00e9es aux \u00e9tudiants ou encore de fonds en soutien \u00e0 l&rsquo;association Enfance et Sant\u00e9.<\/p>\n<\/div>\n<\/div>\n\n\n\n<div class=\"wp-block-columns is-layout-flex wp-container-core-columns-is-layout-9d6595d7 wp-block-columns-is-layout-flex\">\n<div class=\"wp-block-column is-layout-flow wp-block-column-is-layout-flow\">\n<h3 class=\"wp-block-heading has-accent-1-color has-text-color\">Sensibiliser<\/h3>\n<\/div>\n\n\n\n<div class=\"wp-block-column is-layout-flow wp-block-column-is-layout-flow\">\n<h3 class=\"wp-block-heading has-accent-1-color has-text-color\">Accompagner<\/h3>\n<\/div>\n<\/div>\n\n\n\n<div class=\"wp-block-columns is-layout-flex wp-container-core-columns-is-layout-9d6595d7 wp-block-columns-is-layout-flex\">\n<div class=\"wp-block-column is-layout-flow wp-block-column-is-layout-flow\">\n<p class=\"has-accent-2-color has-text-color\">Informer est souvent la premi\u00e8re \u00e9tape pour attirer l&rsquo;attention sur les causes que nous soutenons. Nos actions ont sensibilis\u00e9 au don de moelle, au d\u00e9pistage du diab\u00e8te, au harc\u00e8lement en milieu scolaire, \u00e0 des maladies rares comme la dr\u00e9panocytose.<\/p>\n<\/div>\n\n\n\n<div class=\"wp-block-column is-layout-flow wp-block-column-is-layout-flow\">\n<p class=\"has-accent-2-color has-text-color\">Nos actions concernent souvent les jeunes. Nous avons parrain\u00e9 la scolarit\u00e9 de la jeune N\u00e9palaise Aruna sur plusieurs ann\u00e9es, permis \u00e0 des enfants de partir en vacances via l&rsquo;association VPA, r\u00e9compens\u00e9 des jeunes talentueux dans le cadre de concours d&rsquo;\u00e9loquence ou de projets artistiques, entrepreneuriaux ou solidaires. <\/p>\n<\/div>\n<\/div>\n<\/div>\n<\/div>\n\n\n\n<hr class=\"wp-block-separator has-alpha-channel-opacity\"\/>\n\n\n\n<div style=\"height:0px\" aria-hidden=\"true\" class=\"wp-block-spacer\"><\/div>\n","protected":false},"excerpt":{"rendered":"<p>On n&rsquo;a pas fait grand-chose de sa vie, si l&rsquo;on n&rsquo;a pas fait quelque chose pour quelqu&rsquo;un. Melvin Jones, Fondateur du Lions Club International Le &hellip;<\/p>\n","protected":false},"author":1,"featured_media":0,"parent":0,"menu_order":0,"comment_status":"closed","ping_status":"closed","template":"","meta":{"_monsterinsights_skip_tracking":false,"_monsterinsights_sitenote_active":false,"_monsterinsights_sitenote_note":"","_monsterinsights_sitenote_category":0,"footnotes":""},"class_list":["post-101","page","type-page","status-publish","hentry"],"aioseo_notices":[],"_links":{"self":[{"href":"http:\/\/lions-sma.org\/index.php\/wp-json\/wp\/v2\/pages\/101","targetHints":{"allow":["GET"]}}],"collection":[{"href":"http:\/\/lions-sma.org\/index.php\/wp-json\/wp\/v2\/pages"}],"about":[{"href":"http:\/\/lions-sma.org\/index.php\/wp-json\/wp\/v2\/types\/page"}],"author":[{"embeddable":true,"href":"http:\/\/lions-sma.org\/index.php\/wp-json\/wp\/v2\/users\/1"}],"replies":[{"embeddable":true,"href":"http:\/\/lions-sma.org\/index.php\/wp-json\/wp\/v2\/comments?post=101"}],"version-history":[{"count":13,"href":"http:\/\/lions-sma.org\/index.php\/wp-json\/wp\/v2\/pages\/101\/revisions"}],"predecessor-version":[{"id":584,"href":"http:\/\/lions-sma.org\/index.php\/wp-json\/wp\/v2\/pages\/101\/revisions\/584"}],"wp:attachment":[{"href":"http:\/\/lions-sma.org\/index.php\/wp-json\/wp\/v2\/media?parent=101"}],"curies":[{"name":"wp","href":"https:\/\/api.w.org\/{rel}","templated":true}]}}